{"id":409,"date":"2016-01-03T14:43:20","date_gmt":"2016-01-03T13:43:20","guid":{"rendered":"http:\/\/ferien-am-atlantik.eu\/?page_id=409"},"modified":"2024-09-08T12:07:10","modified_gmt":"2024-09-08T10:07:10","slug":"haus-les-dunes-ausstattung","status":"publish","type":"page","link":"https:\/\/ferien-am-atlantik.eu\/index.php\/haus-les-dunes-ausstattung\/","title":{"rendered":"Ausstattung"},"content":{"rendered":"<p>Haus mit WLan und Privatparkplatz. Die K\u00fcchenzeile ist mit Backofen, 4-Platten-Cerankochfeld, Geschirrsp\u00fcler, K\u00fchlschrank mit getrenntem Gefrierfach ausgestattet. Dar\u00fcber hinaus gibt es Mikrowelle, Kaffeemaschine, Espressokocher, Mixer, Toaster, Staubsauger, B\u00fcgeleisen und -brett und einen Elektrogrill f\u00fcr die Terrasse.<\/p>\n<p>Terrasse mit Tisch, 6 Gartenst\u00fchlen, 1 Hocker, 2 Liegen mit Auflagen, Markise und Sonnenschirm<\/p>\n<p>Es gibt einen Wohnbereich mit Sitzgruppe und SAT-TV (Flachbildschirm), mit dem auch deutsche Programme empfangen werden k\u00f6nnen, und einen Internetzugang. Essbereich mit Tisch, 6 St\u00fchlen, Sideboard. Micro-Anlage und DVD-\/Bluray-Player sind vorhanden.<\/p>\n<p>Ein Schlafzimmer ist ausgestattet mit Wandschrank, 2 Betten (90\u00d7200), zus\u00e4tzlichem Ausziehbett (90\u00d7190), Nachtschrank, Radio-CD-Player,das zweite mit einem Doppelbett (180\u00d7200) mit 2 Matratzen, Kleiderschrank, Regal, Nachtschr\u00e4nken, Radiowecker. Extralange Steppdecken (155&#215;220 cm) und Wolldecken (150&#215;200 cm) geh\u00f6ren zum Inventar.<\/p>\n<p>Ein Bad mit 2 Waschbecken, ebenerdiger Dusche, Handtuchtrockner, F\u00f6n, Waschmaschine und ein getrenntes WC mit Handwaschbecken vorhanden.<\/p>\n","protected":false},"excerpt":{"rendered":"<p>Haus mit WLan und Privatparkplatz. Die K\u00fcchenzeile ist mit Backofen, 4-Platten-Cerankochfeld, Geschirrsp\u00fcler, K\u00fchlschrank mit getrenntem Gefrierfach ausgestattet. Dar\u00fcber hinaus gibt es Mikrowelle, Kaffeemaschine, Espressokocher, Mixer, Toaster, Staubsauger, B\u00fcgeleisen und -brett und einen Elektrogrill f\u00fcr die Terrasse. Terrasse mit Tisch, 6 Gartenst\u00fchlen, 1 Hocker, 2 Liegen mit Auflagen, Markise und Sonnenschirm[&#8230;]<\/p>\n","protected":false},"author":2,"featured_media":1779,"parent":0,"menu_order":0,"comment_status":"closed","ping_status":"closed","template":"","meta":{"footnotes":""},"class_list":["post-409","page","type-page","status-publish","has-post-thumbnail","hentry"],"yoast_head":"<!-- This site is optimized with the Yoast SEO plugin v27.4 - https:\/\/yoast.com\/product\/yoast-seo-wordpress\/ -->\n<title>Ausstattung &#8211; Ferien am Atlantik<\/title>\n<meta name=\"robots\" content=\"index, follow, max-snippet:-1, max-image-preview:large, max-video-preview:-1\" \/>\n<link rel=\"canonical\" href=\"https:\/\/ferien-am-atlantik.eu\/index.php\/haus-les-dunes-ausstattung\/\" \/>\n<meta property=\"og:locale\" content=\"de_DE\" \/>\n<meta property=\"og:type\" content=\"article\" \/>\n<meta property=\"og:title\" content=\"Ausstattung &#8211; Ferien am Atlantik\" \/>\n<meta property=\"og:description\" content=\"Haus mit WLan und Privatparkplatz. Die K\u00fcchenzeile ist mit Backofen, 4-Platten-Cerankochfeld, Geschirrsp\u00fcler, K\u00fchlschrank mit getrenntem Gefrierfach ausgestattet. Dar\u00fcber hinaus gibt es Mikrowelle, Kaffeemaschine, Espressokocher, Mixer, Toaster, Staubsauger, B\u00fcgeleisen und -brett und einen Elektrogrill f\u00fcr die Terrasse. Terrasse mit Tisch, 6 Gartenst\u00fchlen, 1 Hocker, 2 Liegen mit Auflagen, Markise und Sonnenschirm[...]\" \/>\n<meta property=\"og:url\" content=\"https:\/\/ferien-am-atlantik.eu\/index.php\/haus-les-dunes-ausstattung\/\" \/>\n<meta property=\"og:site_name\" content=\"Ferien am Atlantik\" \/>\n<meta property=\"article:modified_time\" content=\"2024-09-08T10:07:10+00:00\" \/>\n<meta property=\"og:image\" content=\"https:\/\/ferien-am-atlantik.eu\/wp-content\/uploads\/2015\/12\/2017-09-22-Wz.-Winter-570_1-scaled.jpg\" \/>\n\t<meta property=\"og:image:width\" content=\"2560\" \/>\n\t<meta property=\"og:image:height\" content=\"1920\" \/>\n\t<meta property=\"og:image:type\" content=\"image\/jpeg\" \/>\n<meta name=\"twitter:card\" content=\"summary_large_image\" \/>\n<meta name=\"twitter:label1\" content=\"Gesch\u00e4tzte Lesezeit\" \/>\n\t<meta name=\"twitter:data1\" content=\"1\u00a0Minute\" \/>\n<script type=\"application\/ld+json\" class=\"yoast-schema-graph\">{\"@context\":\"https:\\\/\\\/schema.org\",\"@graph\":[{\"@type\":\"WebPage\",\"@id\":\"https:\\\/\\\/ferien-am-atlantik.eu\\\/index.php\\\/haus-les-dunes-ausstattung\\\/\",\"url\":\"https:\\\/\\\/ferien-am-atlantik.eu\\\/index.php\\\/haus-les-dunes-ausstattung\\\/\",\"name\":\"Ausstattung &#8211; Ferien am Atlantik\",\"isPartOf\":{\"@id\":\"https:\\\/\\\/ferien-am-atlantik.eu\\\/#website\"},\"primaryImageOfPage\":{\"@id\":\"https:\\\/\\\/ferien-am-atlantik.eu\\\/index.php\\\/haus-les-dunes-ausstattung\\\/#primaryimage\"},\"image\":{\"@id\":\"https:\\\/\\\/ferien-am-atlantik.eu\\\/index.php\\\/haus-les-dunes-ausstattung\\\/#primaryimage\"},\"thumbnailUrl\":\"https:\\\/\\\/ferien-am-atlantik.eu\\\/wp-content\\\/uploads\\\/2015\\\/12\\\/2017-09-22-Wz.-Winter-570_1-scaled.jpg\",\"datePublished\":\"2016-01-03T13:43:20+00:00\",\"dateModified\":\"2024-09-08T10:07:10+00:00\",\"breadcrumb\":{\"@id\":\"https:\\\/\\\/ferien-am-atlantik.eu\\\/index.php\\\/haus-les-dunes-ausstattung\\\/#breadcrumb\"},\"inLanguage\":\"de\",\"potentialAction\":[{\"@type\":\"ReadAction\",\"target\":[\"https:\\\/\\\/ferien-am-atlantik.eu\\\/index.php\\\/haus-les-dunes-ausstattung\\\/\"]}]},{\"@type\":\"ImageObject\",\"inLanguage\":\"de\",\"@id\":\"https:\\\/\\\/ferien-am-atlantik.eu\\\/index.php\\\/haus-les-dunes-ausstattung\\\/#primaryimage\",\"url\":\"https:\\\/\\\/ferien-am-atlantik.eu\\\/wp-content\\\/uploads\\\/2015\\\/12\\\/2017-09-22-Wz.-Winter-570_1-scaled.jpg\",\"contentUrl\":\"https:\\\/\\\/ferien-am-atlantik.eu\\\/wp-content\\\/uploads\\\/2015\\\/12\\\/2017-09-22-Wz.-Winter-570_1-scaled.jpg\",\"width\":2560,\"height\":1920},{\"@type\":\"BreadcrumbList\",\"@id\":\"https:\\\/\\\/ferien-am-atlantik.eu\\\/index.php\\\/haus-les-dunes-ausstattung\\\/#breadcrumb\",\"itemListElement\":[{\"@type\":\"ListItem\",\"position\":1,\"name\":\"Startseite\",\"item\":\"https:\\\/\\\/ferien-am-atlantik.eu\\\/\"},{\"@type\":\"ListItem\",\"position\":2,\"name\":\"Ausstattung\"}]},{\"@type\":\"WebSite\",\"@id\":\"https:\\\/\\\/ferien-am-atlantik.eu\\\/#website\",\"url\":\"https:\\\/\\\/ferien-am-atlantik.eu\\\/\",\"name\":\"Ferien am Atlantik\",\"description\":\"vendeeholiday.de\",\"publisher\":{\"@id\":\"https:\\\/\\\/ferien-am-atlantik.eu\\\/#\\\/schema\\\/person\\\/078994da84bbb35ca6d97aa989b12731\"},\"potentialAction\":[{\"@type\":\"SearchAction\",\"target\":{\"@type\":\"EntryPoint\",\"urlTemplate\":\"https:\\\/\\\/ferien-am-atlantik.eu\\\/?s={search_term_string}\"},\"query-input\":{\"@type\":\"PropertyValueSpecification\",\"valueRequired\":true,\"valueName\":\"search_term_string\"}}],\"inLanguage\":\"de\"},{\"@type\":[\"Person\",\"Organization\"],\"@id\":\"https:\\\/\\\/ferien-am-atlantik.eu\\\/#\\\/schema\\\/person\\\/078994da84bbb35ca6d97aa989b12731\",\"name\":\"craynaud\",\"logo\":{\"@id\":\"https:\\\/\\\/ferien-am-atlantik.eu\\\/#\\\/schema\\\/person\\\/image\\\/\"}}]}<\/script>\n<!-- \/ Yoast SEO plugin. -->","yoast_head_json":{"title":"Ausstattung &#8211; Ferien am Atlantik","robots":{"index":"index","follow":"follow","max-snippet":"max-snippet:-1","max-image-preview":"max-image-preview:large","max-video-preview":"max-video-preview:-1"},"canonical":"https:\/\/ferien-am-atlantik.eu\/index.php\/haus-les-dunes-ausstattung\/","og_locale":"de_DE","og_type":"article","og_title":"Ausstattung &#8211; Ferien am Atlantik","og_description":"Haus mit WLan und Privatparkplatz. Die K\u00fcchenzeile ist mit Backofen, 4-Platten-Cerankochfeld, Geschirrsp\u00fcler, K\u00fchlschrank mit getrenntem Gefrierfach ausgestattet. Dar\u00fcber hinaus gibt es Mikrowelle, Kaffeemaschine, Espressokocher, Mixer, Toaster, Staubsauger, B\u00fcgeleisen und -brett und einen Elektrogrill f\u00fcr die Terrasse. Terrasse mit Tisch, 6 Gartenst\u00fchlen, 1 Hocker, 2 Liegen mit Auflagen, Markise und Sonnenschirm[...]","og_url":"https:\/\/ferien-am-atlantik.eu\/index.php\/haus-les-dunes-ausstattung\/","og_site_name":"Ferien am Atlantik","article_modified_time":"2024-09-08T10:07:10+00:00","og_image":[{"width":2560,"height":1920,"url":"https:\/\/ferien-am-atlantik.eu\/wp-content\/uploads\/2015\/12\/2017-09-22-Wz.-Winter-570_1-scaled.jpg","type":"image\/jpeg"}],"twitter_card":"summary_large_image","twitter_misc":{"Gesch\u00e4tzte Lesezeit":"1\u00a0Minute"},"schema":{"@context":"https:\/\/schema.org","@graph":[{"@type":"WebPage","@id":"https:\/\/ferien-am-atlantik.eu\/index.php\/haus-les-dunes-ausstattung\/","url":"https:\/\/ferien-am-atlantik.eu\/index.php\/haus-les-dunes-ausstattung\/","name":"Ausstattung &#8211; Ferien am Atlantik","isPartOf":{"@id":"https:\/\/ferien-am-atlantik.eu\/#website"},"primaryImageOfPage":{"@id":"https:\/\/ferien-am-atlantik.eu\/index.php\/haus-les-dunes-ausstattung\/#primaryimage"},"image":{"@id":"https:\/\/ferien-am-atlantik.eu\/index.php\/haus-les-dunes-ausstattung\/#primaryimage"},"thumbnailUrl":"https:\/\/ferien-am-atlantik.eu\/wp-content\/uploads\/2015\/12\/2017-09-22-Wz.-Winter-570_1-scaled.jpg","datePublished":"2016-01-03T13:43:20+00:00","dateModified":"2024-09-08T10:07:10+00:00","breadcrumb":{"@id":"https:\/\/ferien-am-atlantik.eu\/index.php\/haus-les-dunes-ausstattung\/#breadcrumb"},"inLanguage":"de","potentialAction":[{"@type":"ReadAction","target":["https:\/\/ferien-am-atlantik.eu\/index.php\/haus-les-dunes-ausstattung\/"]}]},{"@type":"ImageObject","inLanguage":"de","@id":"https:\/\/ferien-am-atlantik.eu\/index.php\/haus-les-dunes-ausstattung\/#primaryimage","url":"https:\/\/ferien-am-atlantik.eu\/wp-content\/uploads\/2015\/12\/2017-09-22-Wz.-Winter-570_1-scaled.jpg","contentUrl":"https:\/\/ferien-am-atlantik.eu\/wp-content\/uploads\/2015\/12\/2017-09-22-Wz.-Winter-570_1-scaled.jpg","width":2560,"height":1920},{"@type":"BreadcrumbList","@id":"https:\/\/ferien-am-atlantik.eu\/index.php\/haus-les-dunes-ausstattung\/#breadcrumb","itemListElement":[{"@type":"ListItem","position":1,"name":"Startseite","item":"https:\/\/ferien-am-atlantik.eu\/"},{"@type":"ListItem","position":2,"name":"Ausstattung"}]},{"@type":"WebSite","@id":"https:\/\/ferien-am-atlantik.eu\/#website","url":"https:\/\/ferien-am-atlantik.eu\/","name":"Ferien am Atlantik","description":"vendeeholiday.de","publisher":{"@id":"https:\/\/ferien-am-atlantik.eu\/#\/schema\/person\/078994da84bbb35ca6d97aa989b12731"},"potentialAction":[{"@type":"SearchAction","target":{"@type":"EntryPoint","urlTemplate":"https:\/\/ferien-am-atlantik.eu\/?s={search_term_string}"},"query-input":{"@type":"PropertyValueSpecification","valueRequired":true,"valueName":"search_term_string"}}],"inLanguage":"de"},{"@type":["Person","Organization"],"@id":"https:\/\/ferien-am-atlantik.eu\/#\/schema\/person\/078994da84bbb35ca6d97aa989b12731","name":"craynaud","logo":{"@id":"https:\/\/ferien-am-atlantik.eu\/#\/schema\/person\/image\/"}}]}},"_links":{"self":[{"href":"https:\/\/ferien-am-atlantik.eu\/index.php\/wp-json\/wp\/v2\/pages\/409","targetHints":{"allow":["GET"]}}],"collection":[{"href":"https:\/\/ferien-am-atlantik.eu\/index.php\/wp-json\/wp\/v2\/pages"}],"about":[{"href":"https:\/\/ferien-am-atlantik.eu\/index.php\/wp-json\/wp\/v2\/types\/page"}],"author":[{"embeddable":true,"href":"https:\/\/ferien-am-atlantik.eu\/index.php\/wp-json\/wp\/v2\/users\/2"}],"replies":[{"embeddable":true,"href":"https:\/\/ferien-am-atlantik.eu\/index.php\/wp-json\/wp\/v2\/comments?post=409"}],"version-history":[{"count":12,"href":"https:\/\/ferien-am-atlantik.eu\/index.php\/wp-json\/wp\/v2\/pages\/409\/revisions"}],"predecessor-version":[{"id":2178,"href":"https:\/\/ferien-am-atlantik.eu\/index.php\/wp-json\/wp\/v2\/pages\/409\/revisions\/2178"}],"wp:featuredmedia":[{"embeddable":true,"href":"https:\/\/ferien-am-atlantik.eu\/index.php\/wp-json\/wp\/v2\/media\/1779"}],"wp:attachment":[{"href":"https:\/\/ferien-am-atlantik.eu\/index.php\/wp-json\/wp\/v2\/media?parent=409"}],"curies":[{"name":"wp","href":"https:\/\/api.w.org\/{rel}","templated":true}]}}